{"id":1267,"date":"2025-02-06T18:13:12","date_gmt":"2025-02-06T15:13:12","guid":{"rendered":"https:\/\/victoriaspicnic.com\/catering\/"},"modified":"2025-03-27T07:31:21","modified_gmt":"2025-03-27T04:31:21","slug":"catering","status":"publish","type":"page","link":"https:\/\/victoriaspicnic.com\/es\/catering\/","title":{"rendered":"Catering"},"content":{"rendered":"<p><a data-elementor-open-lightbox=\"yes\" data-elementor-lightbox-slideshow=\"0c0c9f2\" data-elementor-lightbox-title=\"catering\" data-e-action-hash=\"#elementor-action%3Aaction%3Dlightbox%26settings%3DeyJpZCI6NDkwLCJ1cmwiOiJodHRwczpcL1wvdmljdG9yaWFzcGljbmljLmNvbVwvd3AtY29udGVudFwvdXBsb2Fkc1wvMjAyNVwvMDJcL2NhdGVyaW5nLnBuZyIsInNsaWRlc2hvdyI6IjBjMGM5ZjIifQ%3D%3D\" href=\"\/\"><\/p>\n<figure><img decoding=\"async\" src=\"https:\/\/victoriaspicnic.com\/wp-content\/uploads\/2025\/02\/catering.png\" alt=\"catering\"><\/figure>\n<p><\/a><br \/>\n\t\t\t\t\t\t\t\t\t\t\t\t\t\t\t<img fetchpriority=\"high\" decoding=\"async\" width=\"683\" height=\"1024\" src=\"https:\/\/victoriaspicnic.com\/wp-content\/uploads\/2025\/02\/IMG_2918.jpg\" alt=\"\" srcset=\"https:\/\/victoriaspicnic.com\/wp-content\/uploads\/2025\/02\/IMG_2918.jpg 683w, https:\/\/victoriaspicnic.com\/wp-content\/uploads\/2025\/02\/IMG_2918-333x500.jpg 333w, https:\/\/victoriaspicnic.com\/wp-content\/uploads\/2025\/02\/IMG_2918-200x300.jpg 200w, https:\/\/victoriaspicnic.com\/wp-content\/uploads\/2025\/02\/IMG_2918-50x75.jpg 50w\" sizes=\"(max-width:767px) 683px, 683px\">\t\t\t\t\t\t\t\t\t\t\t\t\t\t\t<\/p>\n<h2>CATERING<\/h2>\n<p><b>Catering Que Se Encarga de TodoCatering That Takes Care of Everything<\/b><\/p>\n<p>Planificar un evento debe ser sobre alegr\u00eda, no estr\u00e9s. Por eso nos encargamos de todo, de <b>principio a fin<\/b>. Ya sea una reuni\u00f3n \u00edntima, un evento corporativo o una gran celebraci\u00f3n, nuestro servicio de catering garantiza que cada detalle se maneje con precisi\u00f3n y cuidado.<\/p>\n<p>Durante m\u00e1s de cinco a\u00f1os, hemos estado brindando experiencias excepcionales de catering. Nuestro equipo de profesionales se enorgullece de elaborar deliciosos men\u00fas, organizar elegantes mesas y brindar un servicio de primer nivel para que usted y sus invitados puedan simplemente disfrutar del momento.<\/p>\n<p>Utilizamos solo <b>los ingredientes<\/b> m\u00e1s frescos para crear platos deliciosos que dejan una impresi\u00f3n duradera. Ya sea que prefiera una cena sofisticada, un buffet elegante o un c\u00f3ctel animado, adaptamos nuestros servicios para que coincidan con <b>su visi\u00f3n<\/b>.<\/p>\n<p>Perm\u00edtanos transformar su evento en algo inolvidable. Con nosotros, no tiene que mover un dedo, simplemente rel\u00e1jese y disfrute mientras damos vida a su celebraci\u00f3n.<\/p>\n<p><b>\ud83d\udcdeContact \u00a1Cont\u00e1ctenos hoy y hagamos que su evento sea extraordinario!<\/b><\/p>\n<p><b>tel\u00e9fono +17866618971 <\/b><\/p>\n<p>\t\t\t\t\t\t\t\t\t\t\t\t\t\t\t<img decoding=\"async\" width=\"800\" height=\"1200\" src=\"https:\/\/victoriaspicnic.com\/wp-content\/uploads\/2025\/02\/IMG_2681-800x1200.jpg\" alt=\"\" srcset=\"https:\/\/victoriaspicnic.com\/wp-content\/uploads\/2025\/02\/IMG_2681-800x1200.jpg 800w, https:\/\/victoriaspicnic.com\/wp-content\/uploads\/2025\/02\/IMG_2681-333x500.jpg 333w, https:\/\/victoriaspicnic.com\/wp-content\/uploads\/2025\/02\/IMG_2681-200x300.jpg 200w, https:\/\/victoriaspicnic.com\/wp-content\/uploads\/2025\/02\/IMG_2681-768x1152.jpg 768w, https:\/\/victoriaspicnic.com\/wp-content\/uploads\/2025\/02\/IMG_2681-50x75.jpg 50w, https:\/\/victoriaspicnic.com\/wp-content\/uploads\/2025\/02\/IMG_2681-700x1050.jpg 700w\" sizes=\"(max-width:767px) 700px, (max-width:800px) 100vw, 800px\">\t\t\t\t\t\t\t\t\t\t\t\t\t\t\t<\/p>\n<h2><a href=\"https:\/\/victoriaspicnic.com\/es\/catering\/\">CATERING<\/a><\/h2>\n<h2><a href=\"https:\/\/victoriaspicnic.com\/es\/picnics\/\">PICNICS<\/a><\/h2>\n<h2><a href=\"https:\/\/victoriaspicnic.com\/event-planing\/\">PLANIFICACI\u00d3N DE EVENTOS<\/a><\/h2>\n<h2><a href=\"https:\/\/victoriaspicnic.com\/es\/cajas-de-fiesta\/\">CAJAS DE FIESTA<\/a><\/h2>\n<h2><a href=\"https:\/\/victoriaspicnic.com\/gallery\/\">GALER\u00cdA<\/a><\/h2>\n","protected":false},"excerpt":{"rendered":"<p>CATERING Catering Que Se Encarga de TodoCatering That Takes Care of Everything Planificar un evento debe ser sobre alegr\u00eda, no estr\u00e9s. Por eso nos encargamos de<span class=\"excerpt-hellip\"> [\u2026]<\/span><\/p>\n","protected":false},"author":1,"featured_media":0,"parent":0,"menu_order":0,"comment_status":"closed","ping_status":"closed","template":"","meta":{"footnotes":""},"class_list":["post-1267","page","type-page","status-publish","hentry"],"_links":{"self":[{"href":"https:\/\/victoriaspicnic.com\/es\/wp-json\/wp\/v2\/pages\/1267","targetHints":{"allow":["GET"]}}],"collection":[{"href":"https:\/\/victoriaspicnic.com\/es\/wp-json\/wp\/v2\/pages"}],"about":[{"href":"https:\/\/victoriaspicnic.com\/es\/wp-json\/wp\/v2\/types\/page"}],"author":[{"embeddable":true,"href":"https:\/\/victoriaspicnic.com\/es\/wp-json\/wp\/v2\/users\/1"}],"replies":[{"embeddable":true,"href":"https:\/\/victoriaspicnic.com\/es\/wp-json\/wp\/v2\/comments?post=1267"}],"version-history":[{"count":2,"href":"https:\/\/victoriaspicnic.com\/es\/wp-json\/wp\/v2\/pages\/1267\/revisions"}],"predecessor-version":[{"id":1293,"href":"https:\/\/victoriaspicnic.com\/es\/wp-json\/wp\/v2\/pages\/1267\/revisions\/1293"}],"wp:attachment":[{"href":"https:\/\/victoriaspicnic.com\/es\/wp-json\/wp\/v2\/media?parent=1267"}],"curies":[{"name":"wp","href":"https:\/\/api.w.org\/{rel}","templated":true}]}}