{"id":1273,"date":"2024-02-02T10:07:35","date_gmt":"2024-02-02T07:07:35","guid":{"rendered":"https:\/\/victoriaspicnic.com\/home\/"},"modified":"2025-03-26T20:03:08","modified_gmt":"2025-03-26T17:03:08","slug":"home","status":"publish","type":"page","link":"https:\/\/victoriaspicnic.com\/es\/","title":{"rendered":"Home"},"content":{"rendered":"\t\t<div data-elementor-type=\"wp-page\" data-elementor-id=\"1273\" class=\"elementor elementor-1273\">\n\t\t\t\t<div class=\"elementor-element elementor-element-7bb425b e-con-full e-flex e-con e-parent\" data-id=\"7bb425b\" data-element_type=\"container\" data-settings=\"{&quot;background_background&quot;:&quot;classic&quot;}\">\n\t\t<div class=\"elementor-element elementor-element-5f75578 e-con-full e-flex e-con e-child\" data-id=\"5f75578\" data-element_type=\"container\">\n\t\t\t\t<\/div>\n\t\t\t\t<\/div>\n\t\t<div class=\"elementor-element elementor-element-dd09c22 e-con-full e-flex e-con e-parent\" data-id=\"dd09c22\" data-element_type=\"container\" data-settings=\"{&quot;background_background&quot;:&quot;classic&quot;}\">\n\t\t\t\t<div class=\"elementor-element elementor-element-0c0c9f2 elementor-widget elementor-widget-image-carousel\" data-id=\"0c0c9f2\" data-element_type=\"widget\" data-settings=\"{&quot;slides_to_show&quot;:&quot;1&quot;,&quot;navigation&quot;:&quot;none&quot;,&quot;autoplay&quot;:&quot;yes&quot;,&quot;pause_on_hover&quot;:&quot;yes&quot;,&quot;pause_on_interaction&quot;:&quot;yes&quot;,&quot;autoplay_speed&quot;:5000,&quot;infinite&quot;:&quot;yes&quot;,&quot;effect&quot;:&quot;slide&quot;,&quot;speed&quot;:500}\" data-widget_type=\"image-carousel.default\">\n\t\t\t\t<div class=\"elementor-widget-container\">\n\t\t\t\t\t\t\t<div class=\"elementor-image-carousel-wrapper swiper\" role=\"region\" aria-roledescription=\"carousel\" aria-label=\"\u041a\u0430\u0440\u0443\u0441\u0435\u043b\u044c\" dir=\"ltr\">\n\t\t\t<div class=\"elementor-image-carousel swiper-wrapper swiper-image-stretch\" aria-live=\"off\">\n\t\t\t\t\t\t\t\t<div class=\"swiper-slide\" role=\"group\" aria-roledescription=\"slide\" aria-label=\"1 de 1\"><a data-elementor-open-lightbox=\"yes\" data-elementor-lightbox-slideshow=\"0c0c9f2\" data-elementor-lightbox-title=\"catering\" data-e-action-hash=\"#elementor-action%3Aaction%3Dlightbox%26settings%3DeyJpZCI6NDkwLCJ1cmwiOiJodHRwczpcL1wvdmljdG9yaWFzcGljbmljLmNvbVwvd3AtY29udGVudFwvdXBsb2Fkc1wvMjAyNVwvMDJcL2NhdGVyaW5nLnBuZyIsInNsaWRlc2hvdyI6IjBjMGM5ZjIifQ%3D%3D\" href=\"\/\"><figure class=\"swiper-slide-inner\"><img decoding=\"async\" class=\"swiper-slide-image\" src=\"https:\/\/victoriaspicnic.com\/wp-content\/uploads\/2025\/02\/catering.png\" alt=\"catering\" \/><\/figure><\/a><\/div>\t\t\t<\/div>\n\t\t\t\t\t<\/div>\n\t\t\t\t\t\t<\/div>\n\t\t\t\t<\/div>\n\t\t\t\t<\/div>\n\t\t<div class=\"elementor-element elementor-element-945aeff e-flex e-con-boxed e-con e-parent\" data-id=\"945aeff\" data-element_type=\"container\" data-settings=\"{&quot;background_background&quot;:&quot;classic&quot;}\">\n\t\t\t\t\t<div class=\"e-con-inner\">\n\t\t<div class=\"elementor-element elementor-element-6d95516 e-con-full e-flex e-con e-child\" data-id=\"6d95516\" data-element_type=\"container\">\n\t\t<div class=\"elementor-element elementor-element-a980250 e-grid e-con-full e-con e-child\" data-id=\"a980250\" data-element_type=\"container\">\n\t\t\t\t<div class=\"elementor-element elementor-element-a6805a0 elementor-position-top elementor-widget elementor-widget-image-box\" data-id=\"a6805a0\" data-element_type=\"widget\" data-widget_type=\"image-box.default\">\n\t\t\t\t<div class=\"elementor-widget-container\">\n\t\t\t\t\t<div class=\"elementor-image-box-wrapper\"><figure class=\"elementor-image-box-img\"><a href=\"https:\/\/victoriaspicnic.com\/catering\/\" tabindex=\"-1\"><img fetchpriority=\"high\" decoding=\"async\" width=\"1200\" height=\"800\" src=\"https:\/\/victoriaspicnic.com\/wp-content\/uploads\/2025\/02\/IMG_2252-1200x800.jpg\" class=\"attachment-large size-large wp-image-486\" alt=\"\" srcset=\"https:\/\/victoriaspicnic.com\/wp-content\/uploads\/2025\/02\/IMG_2252-1200x800.jpg 1200w, https:\/\/victoriaspicnic.com\/wp-content\/uploads\/2025\/02\/IMG_2252-800x533.jpg 800w, https:\/\/victoriaspicnic.com\/wp-content\/uploads\/2025\/02\/IMG_2252-500x333.jpg 500w, https:\/\/victoriaspicnic.com\/wp-content\/uploads\/2025\/02\/IMG_2252-300x200.jpg 300w, https:\/\/victoriaspicnic.com\/wp-content\/uploads\/2025\/02\/IMG_2252-768x512.jpg 768w, https:\/\/victoriaspicnic.com\/wp-content\/uploads\/2025\/02\/IMG_2252-113x75.jpg 113w, https:\/\/victoriaspicnic.com\/wp-content\/uploads\/2025\/02\/IMG_2252-700x466.jpg 700w\" sizes=\"(max-width:767px) 700px, (max-width:1200px) 100vw, 1200px\" \/><\/a><\/figure><div class=\"elementor-image-box-content\"><h3 class=\"elementor-image-box-title\"><a href=\"https:\/\/victoriaspicnic.com\/catering\/\">CATERING <\/a><\/h3><p class=\"elementor-image-box-description\">No pierda su tiempo en la preparaci\u00f3n, \u00a1nosotros nos encargaremos de todo por usted! Nuestra empresa de <b>catering <\/b> ofrece una experiencia de servicio completo, desde la planificaci\u00f3n del men\u00fa hasta la configuraci\u00f3n de la mesa y el servicio al hu\u00e9sped. Ingredientes frescos, servicio impecable y atenci\u00f3n al detalle nos convierten en la mejor opci\u00f3n para sus eventos. La est\u00e9tica visual de la comida juega un papel fundamental en la creaci\u00f3n de eventos y reuniones memorables.Nuestro equipo pone gran \u00e9nfasis en este aspecto, abordando la visi\u00f3n de cada cliente con creatividad y meticulosa atenci\u00f3n al detalle. El sofisticado estilo de la comida elevar\u00e1 su celebraci\u00f3n, infundi\u00e9ndole un encanto exquisito y un ambiente inolvidable.\nDisfruta el momento, \u00a1crearemos la celebraci\u00f3n perfecta para ti! Durante m\u00e1s de cinco a\u00f1os, hemos estado brindando un servicio impecable a nuestros clientes.<\/p><\/div><\/div>\t\t\t\t<\/div>\n\t\t\t\t<\/div>\n\t\t\t\t<div class=\"elementor-element elementor-element-d6b1b89 elementor-position-top elementor-widget elementor-widget-image-box\" data-id=\"d6b1b89\" data-element_type=\"widget\" data-widget_type=\"image-box.default\">\n\t\t\t\t<div class=\"elementor-widget-container\">\n\t\t\t\t\t<div class=\"elementor-image-box-wrapper\"><figure class=\"elementor-image-box-img\"><a href=\"https:\/\/victoriaspicnic.com\/picnics\/\" tabindex=\"-1\"><img decoding=\"async\" width=\"2560\" height=\"1706\" src=\"https:\/\/victoriaspicnic.com\/wp-content\/uploads\/2025\/02\/508-scaled.jpg\" class=\"attachment-full size-full wp-image-813\" alt=\"\" srcset=\"https:\/\/victoriaspicnic.com\/wp-content\/uploads\/2025\/02\/508-scaled.jpg 2560w, https:\/\/victoriaspicnic.com\/wp-content\/uploads\/2025\/02\/508-scaled-800x533.jpg 800w, https:\/\/victoriaspicnic.com\/wp-content\/uploads\/2025\/02\/508-500x333.jpg 500w, https:\/\/victoriaspicnic.com\/wp-content\/uploads\/2025\/02\/508-1200x800.jpg 1200w, https:\/\/victoriaspicnic.com\/wp-content\/uploads\/2025\/02\/508-300x200.jpg 300w, https:\/\/victoriaspicnic.com\/wp-content\/uploads\/2025\/02\/508-768x512.jpg 768w, https:\/\/victoriaspicnic.com\/wp-content\/uploads\/2025\/02\/508-1536x1024.jpg 1536w, https:\/\/victoriaspicnic.com\/wp-content\/uploads\/2025\/02\/508-2048x1365.jpg 2048w, https:\/\/victoriaspicnic.com\/wp-content\/uploads\/2025\/02\/508-113x75.jpg 113w, https:\/\/victoriaspicnic.com\/wp-content\/uploads\/2025\/02\/508-700x467.jpg 700w\" sizes=\"(max-width:767px) 700px, (max-width:2560px) 100vw, 2560px\" \/><\/a><\/figure><div class=\"elementor-image-box-content\"><h3 class=\"elementor-image-box-title\"><a href=\"https:\/\/victoriaspicnic.com\/picnics\/\">PICNICS<\/a><\/h3><p class=\"elementor-image-box-description\">La Experiencia de <B>Picnic<\/B> Perfecta\nRel\u00e1jese en la naturaleza con champ\u00e1n fr\u00edo y delicias gourmet. Creamos picnics de lujo en lugares impresionantes, con un estilo Bohol, Provenzal o Chic estadounidense. Disfrute de elegantes configuraciones, flores frescas y m\u00fasica en vivo. Captura el momento con fotograf\u00eda profesional. Simplemente llegue y disfrute, nosotros nos encargamos de todo.\n\n\n\u00a1Reserve su picnic de ensue\u00f1o hoy!<\/p><\/div><\/div>\t\t\t\t<\/div>\n\t\t\t\t<\/div>\n\t\t\t\t<div class=\"elementor-element elementor-element-3c010e6 elementor-position-top elementor-widget elementor-widget-image-box\" data-id=\"3c010e6\" data-element_type=\"widget\" data-widget_type=\"image-box.default\">\n\t\t\t\t<div class=\"elementor-widget-container\">\n\t\t\t\t\t<div class=\"elementor-image-box-wrapper\"><figure class=\"elementor-image-box-img\"><a href=\"https:\/\/victoriaspicnic.com\/event-planing\/\" tabindex=\"-1\"><img decoding=\"async\" width=\"1280\" height=\"853\" src=\"https:\/\/victoriaspicnic.com\/wp-content\/uploads\/2025\/02\/IMG_1907-1.jpg\" class=\"attachment-full size-full wp-image-695\" alt=\"\" srcset=\"https:\/\/victoriaspicnic.com\/wp-content\/uploads\/2025\/02\/IMG_1907-1.jpg 1280w, https:\/\/victoriaspicnic.com\/wp-content\/uploads\/2025\/02\/IMG_1907-1-800x533.jpg 800w, https:\/\/victoriaspicnic.com\/wp-content\/uploads\/2025\/02\/IMG_1907-1-500x333.jpg 500w, https:\/\/victoriaspicnic.com\/wp-content\/uploads\/2025\/02\/IMG_1907-1-1200x800.jpg 1200w, https:\/\/victoriaspicnic.com\/wp-content\/uploads\/2025\/02\/IMG_1907-1-300x200.jpg 300w, https:\/\/victoriaspicnic.com\/wp-content\/uploads\/2025\/02\/IMG_1907-1-768x512.jpg 768w, https:\/\/victoriaspicnic.com\/wp-content\/uploads\/2025\/02\/IMG_1907-1-113x75.jpg 113w, https:\/\/victoriaspicnic.com\/wp-content\/uploads\/2025\/02\/IMG_1907-1-700x466.jpg 700w\" sizes=\"(max-width:767px) 700px, (max-width:1280px) 100vw, 1280px\" \/><\/a><\/figure><div class=\"elementor-image-box-content\"><h3 class=\"elementor-image-box-title\"><a href=\"https:\/\/victoriaspicnic.com\/event-planing\/\">PLANIFICACI\u00d3N DE EVENTOS<\/a><\/h3><p class=\"elementor-image-box-description\">Perm\u00edtanos transformar su ocasi\u00f3n especial, ya sea un cumplea\u00f1os, un <B>evento <\/B>corporativo o una celebraci\u00f3n religiosa, en una experiencia inolvidable. Nuestro equipo de expertos maneja cada detalle, desde una decoraci\u00f3n impresionante y exquisitos men\u00fas hasta entretenimiento en vivo y fotograf\u00eda profesional. Reunimos a los mejores decoradores, floristas, m\u00fasicos, anfitriones e ilusionistas para crear una atm\u00f3sfera m\u00e1gica. Ya sea \u00edntimo o grandioso, su evento se ejecutar\u00e1 con estilo y elegancia. \u00a1Cont\u00e1ctenos hoy para hacer realidad la celebraci\u00f3n de sus sue\u00f1os!<\/p><\/div><\/div>\t\t\t\t<\/div>\n\t\t\t\t<\/div>\n\t\t\t\t<div class=\"elementor-element elementor-element-e5946c2 elementor-position-top elementor-widget elementor-widget-image-box\" data-id=\"e5946c2\" data-element_type=\"widget\" data-widget_type=\"image-box.default\">\n\t\t\t\t<div class=\"elementor-widget-container\">\n\t\t\t\t\t<div class=\"elementor-image-box-wrapper\"><figure class=\"elementor-image-box-img\"><a href=\"https:\/\/victoriaspicnic.com\/party-boxes\/\" tabindex=\"-1\"><img loading=\"lazy\" decoding=\"async\" width=\"1214\" height=\"883\" src=\"https:\/\/victoriaspicnic.com\/wp-content\/uploads\/2025\/02\/SHRIMPS.jpg\" class=\"attachment-full size-full wp-image-765\" alt=\"\" srcset=\"https:\/\/victoriaspicnic.com\/wp-content\/uploads\/2025\/02\/SHRIMPS.jpg 1214w, https:\/\/victoriaspicnic.com\/wp-content\/uploads\/2025\/02\/SHRIMPS-800x582.jpg 800w, https:\/\/victoriaspicnic.com\/wp-content\/uploads\/2025\/02\/SHRIMPS-500x364.jpg 500w, https:\/\/victoriaspicnic.com\/wp-content\/uploads\/2025\/02\/SHRIMPS-1200x873.jpg 1200w, https:\/\/victoriaspicnic.com\/wp-content\/uploads\/2025\/02\/SHRIMPS-300x218.jpg 300w, https:\/\/victoriaspicnic.com\/wp-content\/uploads\/2025\/02\/SHRIMPS-768x559.jpg 768w, https:\/\/victoriaspicnic.com\/wp-content\/uploads\/2025\/02\/SHRIMPS-103x75.jpg 103w, https:\/\/victoriaspicnic.com\/wp-content\/uploads\/2025\/02\/SHRIMPS-700x509.jpg 700w\" sizes=\"(max-width:767px) 700px, (max-width:1214px) 100vw, 1214px\" \/><\/a><\/figure><div class=\"elementor-image-box-content\"><h3 class=\"elementor-image-box-title\"><a href=\"https:\/\/victoriaspicnic.com\/party-boxes\/\">CAJAS DE FIESTA<\/a><\/h3><p class=\"elementor-image-box-description\">\u00a1Todo genio es simple! Del\u00e9itese a usted y a sus invitados con nuestros exquisitos refrigerios, perfectos para cualquier fiesta, cumplea\u00f1os o evento corporativo. Utilizamos los mejores ingredientes, empacamos todo con cuidado y <b>entregamos<\/b> a tiempo para que pueda disfrutar de cada bocado sin problemas.<\/p><\/div><\/div>\t\t\t\t<\/div>\n\t\t\t\t<\/div>\n\t\t\t\t<\/div>\n\t\t\t\t<\/div>\n\t\t\t\t\t<\/div>\n\t\t\t\t<\/div>\n\t\t<div class=\"elementor-element elementor-element-b5acb3d e-flex e-con-boxed e-con e-parent\" data-id=\"b5acb3d\" data-element_type=\"container\" data-settings=\"{&quot;background_background&quot;:&quot;classic&quot;}\">\n\t\t\t\t\t<div class=\"e-con-inner\">\n\t\t\t\t<div class=\"elementor-element elementor-element-3cd2f65 elementor-widget elementor-widget-heading\" data-id=\"3cd2f65\" data-element_type=\"widget\" data-widget_type=\"heading.default\">\n\t\t\t\t<div class=\"elementor-widget-container\">\n\t\t\t\t\t<h2 class=\"elementor-heading-title elementor-size-default\"><a href=\"\/gallery\">GALER\u00cdA<\/a><\/h2>\t\t\t\t<\/div>\n\t\t\t\t<\/div>\n\t\t\t\t\t<\/div>\n\t\t\t\t<\/div>\n\t\t\t\t<\/div>\n\t\t","protected":false},"excerpt":{"rendered":"<p>CATERING No pierda su tiempo en la preparaci\u00f3n, \u00a1nosotros nos encargaremos de todo por usted! Nuestra empresa de catering ofrece una experiencia de servicio completo, desde<span class=\"excerpt-hellip\"> [\u2026]<\/span><\/p>\n","protected":false},"author":1,"featured_media":0,"parent":0,"menu_order":0,"comment_status":"open","ping_status":"closed","template":"","meta":{"footnotes":""},"class_list":["post-1273","page","type-page","status-publish","hentry"],"_links":{"self":[{"href":"https:\/\/victoriaspicnic.com\/es\/wp-json\/wp\/v2\/pages\/1273","targetHints":{"allow":["GET"]}}],"collection":[{"href":"https:\/\/victoriaspicnic.com\/es\/wp-json\/wp\/v2\/pages"}],"about":[{"href":"https:\/\/victoriaspicnic.com\/es\/wp-json\/wp\/v2\/types\/page"}],"author":[{"embeddable":true,"href":"https:\/\/victoriaspicnic.com\/es\/wp-json\/wp\/v2\/users\/1"}],"replies":[{"embeddable":true,"href":"https:\/\/victoriaspicnic.com\/es\/wp-json\/wp\/v2\/comments?post=1273"}],"version-history":[{"count":5,"href":"https:\/\/victoriaspicnic.com\/es\/wp-json\/wp\/v2\/pages\/1273\/revisions"}],"predecessor-version":[{"id":1291,"href":"https:\/\/victoriaspicnic.com\/es\/wp-json\/wp\/v2\/pages\/1273\/revisions\/1291"}],"wp:attachment":[{"href":"https:\/\/victoriaspicnic.com\/es\/wp-json\/wp\/v2\/media?parent=1273"}],"curies":[{"name":"wp","href":"https:\/\/api.w.org\/{rel}","templated":true}]}}