{"id":1316,"date":"2025-02-07T08:25:30","date_gmt":"2025-02-07T05:25:30","guid":{"rendered":"https:\/\/victoriaspicnic.com\/planificacion-de-eventos\/"},"modified":"2025-03-27T10:33:54","modified_gmt":"2025-03-27T07:33:54","slug":"planificacion-de-eventos","status":"publish","type":"page","link":"https:\/\/victoriaspicnic.com\/es\/planificacion-de-eventos\/","title":{"rendered":"Planificaci\u00f3n de eventos"},"content":{"rendered":"\t\t<div data-elementor-type=\"wp-page\" data-elementor-id=\"1316\" class=\"elementor elementor-1316\">\n\t\t\t\t<div class=\"elementor-element elementor-element-7bb425b e-con-full e-flex e-con e-parent\" data-id=\"7bb425b\" data-element_type=\"container\" data-settings=\"{&quot;background_background&quot;:&quot;classic&quot;}\">\n\t\t<div class=\"elementor-element elementor-element-5f75578 e-con-full e-flex e-con e-child\" data-id=\"5f75578\" data-element_type=\"container\">\n\t\t\t\t<\/div>\n\t\t\t\t<\/div>\n\t\t<div class=\"elementor-element elementor-element-dd09c22 e-con-full e-flex e-con e-parent\" data-id=\"dd09c22\" data-element_type=\"container\" data-settings=\"{&quot;background_background&quot;:&quot;classic&quot;}\">\n\t\t\t\t<div class=\"elementor-element elementor-element-0c0c9f2 elementor-widget elementor-widget-image-carousel\" data-id=\"0c0c9f2\" data-element_type=\"widget\" data-settings=\"{&quot;slides_to_show&quot;:&quot;1&quot;,&quot;navigation&quot;:&quot;none&quot;,&quot;autoplay&quot;:&quot;yes&quot;,&quot;pause_on_hover&quot;:&quot;yes&quot;,&quot;pause_on_interaction&quot;:&quot;yes&quot;,&quot;autoplay_speed&quot;:5000,&quot;infinite&quot;:&quot;yes&quot;,&quot;effect&quot;:&quot;slide&quot;,&quot;speed&quot;:500}\" data-widget_type=\"image-carousel.default\">\n\t\t\t\t<div class=\"elementor-widget-container\">\n\t\t\t\t\t\t\t<div class=\"elementor-image-carousel-wrapper swiper\" role=\"region\" aria-roledescription=\"carousel\" aria-label=\"\u041a\u0430\u0440\u0443\u0441\u0435\u043b\u044c\" dir=\"ltr\">\n\t\t\t<div class=\"elementor-image-carousel swiper-wrapper swiper-image-stretch\" aria-live=\"off\">\n\t\t\t\t\t\t\t\t<div class=\"swiper-slide\" role=\"group\" aria-roledescription=\"slide\" aria-label=\"1 de 1\"><a data-elementor-open-lightbox=\"yes\" data-elementor-lightbox-slideshow=\"0c0c9f2\" data-elementor-lightbox-title=\"catering\" data-e-action-hash=\"#elementor-action%3Aaction%3Dlightbox%26settings%3DeyJpZCI6NDkwLCJ1cmwiOiJodHRwczpcL1wvdmljdG9yaWFzcGljbmljLmNvbVwvd3AtY29udGVudFwvdXBsb2Fkc1wvMjAyNVwvMDJcL2NhdGVyaW5nLnBuZyIsInNsaWRlc2hvdyI6IjBjMGM5ZjIifQ%3D%3D\" href=\"\/\"><figure class=\"swiper-slide-inner\"><img decoding=\"async\" class=\"swiper-slide-image\" src=\"https:\/\/victoriaspicnic.com\/wp-content\/uploads\/2025\/02\/catering.png\" alt=\"catering\" \/><\/figure><\/a><\/div>\t\t\t<\/div>\n\t\t\t\t\t<\/div>\n\t\t\t\t\t\t<\/div>\n\t\t\t\t<\/div>\n\t\t\t\t<\/div>\n\t\t<div class=\"elementor-element elementor-element-64dfe93 e-flex e-con-boxed e-con e-parent\" data-id=\"64dfe93\" data-element_type=\"container\" data-settings=\"{&quot;background_background&quot;:&quot;classic&quot;}\">\n\t\t\t\t\t<div class=\"e-con-inner\">\n\t\t<div class=\"elementor-element elementor-element-802d28b e-con-full e-flex e-con e-child\" data-id=\"802d28b\" data-element_type=\"container\">\n\t\t\t\t<div class=\"elementor-element elementor-element-6627472 elementor-widget elementor-widget-image\" data-id=\"6627472\" data-element_type=\"widget\" data-widget_type=\"image.default\">\n\t\t\t\t<div class=\"elementor-widget-container\">\n\t\t\t\t\t\t\t\t\t\t\t\t\t\t\t<img fetchpriority=\"high\" decoding=\"async\" width=\"683\" height=\"1024\" src=\"https:\/\/victoriaspicnic.com\/wp-content\/uploads\/2025\/02\/IMG_2918.jpg\" class=\"attachment-large size-large wp-image-640\" alt=\"\" srcset=\"https:\/\/victoriaspicnic.com\/wp-content\/uploads\/2025\/02\/IMG_2918.jpg 683w, https:\/\/victoriaspicnic.com\/wp-content\/uploads\/2025\/02\/IMG_2918-333x500.jpg 333w, https:\/\/victoriaspicnic.com\/wp-content\/uploads\/2025\/02\/IMG_2918-200x300.jpg 200w, https:\/\/victoriaspicnic.com\/wp-content\/uploads\/2025\/02\/IMG_2918-50x75.jpg 50w\" sizes=\"(max-width:767px) 683px, 683px\" \/>\t\t\t\t\t\t\t\t\t\t\t\t\t\t\t<\/div>\n\t\t\t\t<\/div>\n\t\t\t\t<\/div>\n\t\t<div class=\"elementor-element elementor-element-1cfa0bf e-con-full e-flex e-con e-child\" data-id=\"1cfa0bf\" data-element_type=\"container\">\n\t\t\t\t<div class=\"elementor-element elementor-element-9460521 elementor-widget elementor-widget-heading\" data-id=\"9460521\" data-element_type=\"widget\" data-widget_type=\"heading.default\">\n\t\t\t\t<div class=\"elementor-widget-container\">\n\t\t\t\t\t<h2 class=\"elementor-heading-title elementor-size-default\">Planificaci\u00f3n de eventos<\/h2>\t\t\t\t<\/div>\n\t\t\t\t<\/div>\n\t\t\t\t<div class=\"elementor-element elementor-element-2738208 elementor-widget elementor-widget-text-editor\" data-id=\"2738208\" data-element_type=\"widget\" data-widget_type=\"text-editor.default\">\n\t\t\t\t<div class=\"elementor-widget-container\">\n\t\t\t\t\t\t\t\t\t<p>\u00a1Tu EVENTO Perfecto! \u00a1Creamos Magia!<\/p><p>\u00bfPlaneas una ocasi\u00f3n especial? \u00a1Organizamos tu <strong>evento<\/strong> para que sea inolvidable! Ya sea un cumplea\u00f1os, una reuni\u00f3n corporativa, una revelaci\u00f3n de g\u00e9nero, un bar mitzv\u00e1, un bautizo o cualquier otra celebraci\u00f3n, nos encargamos de cada detalle para que puedas simplemente disfrutar del momento.<\/p><p>Encontraremos el lugar perfecto, una decoraci\u00f3n elegante y entretenimiento emocionante para que tu evento sea \u00fanico. Men\u00fas exquisitos, elegantes arreglos de mesa, m\u00fasica en vivo y fotograf\u00eda profesional: cada detalle ser\u00e1 cuidadosamente planificado para crear una experiencia impecable.<\/p><p>\u00bfBuscas un toque de magia? Decoradores, floristas, m\u00fasicos, anfitriones e ilusionistas de primer nivel crear\u00e1n el ambiente perfecto para una celebraci\u00f3n llena de alegr\u00eda, maravillas y emociones inolvidables. Ya sea una reuni\u00f3n familiar \u00edntima o un gran evento, nos aseguramos de que tu evento sea elegante, armonioso y lleno de vida.<\/p><p>\u00a1Conf\u00eda en nosotros para convertir tu evento en un cuento de hadas que recordar\u00e1s con ilusi\u00f3n! Cont\u00e1ctanos hoy mismo: \u00a1creamos la celebraci\u00f3n de tus sue\u00f1os!<\/p>\t\t\t\t\t\t\t\t<\/div>\n\t\t\t\t<\/div>\n\t\t\t\t<\/div>\n\t\t<div class=\"elementor-element elementor-element-0568373 e-con-full e-flex e-con e-child\" data-id=\"0568373\" data-element_type=\"container\">\n\t\t\t\t<div class=\"elementor-element elementor-element-aa478dc elementor-widget elementor-widget-image\" data-id=\"aa478dc\" data-element_type=\"widget\" data-widget_type=\"image.default\">\n\t\t\t\t<div class=\"elementor-widget-container\">\n\t\t\t\t\t\t\t\t\t\t\t\t\t\t\t<img decoding=\"async\" width=\"800\" height=\"1200\" src=\"https:\/\/victoriaspicnic.com\/wp-content\/uploads\/2025\/02\/IMG_2681-800x1200.jpg\" class=\"attachment-large size-large wp-image-636\" alt=\"\" srcset=\"https:\/\/victoriaspicnic.com\/wp-content\/uploads\/2025\/02\/IMG_2681-800x1200.jpg 800w, https:\/\/victoriaspicnic.com\/wp-content\/uploads\/2025\/02\/IMG_2681-333x500.jpg 333w, https:\/\/victoriaspicnic.com\/wp-content\/uploads\/2025\/02\/IMG_2681-200x300.jpg 200w, https:\/\/victoriaspicnic.com\/wp-content\/uploads\/2025\/02\/IMG_2681-768x1152.jpg 768w, https:\/\/victoriaspicnic.com\/wp-content\/uploads\/2025\/02\/IMG_2681-50x75.jpg 50w, https:\/\/victoriaspicnic.com\/wp-content\/uploads\/2025\/02\/IMG_2681-700x1050.jpg 700w\" sizes=\"(max-width:767px) 700px, (max-width:800px) 100vw, 800px\" \/>\t\t\t\t\t\t\t\t\t\t\t\t\t\t\t<\/div>\n\t\t\t\t<\/div>\n\t\t\t\t<\/div>\n\t\t\t\t\t<\/div>\n\t\t\t\t<\/div>\n\t\t<div class=\"elementor-element elementor-element-945aeff e-flex e-con-boxed e-con e-parent\" data-id=\"945aeff\" data-element_type=\"container\" data-settings=\"{&quot;background_background&quot;:&quot;classic&quot;}\">\n\t\t\t\t\t<div class=\"e-con-inner\">\n\t\t<div class=\"elementor-element elementor-element-6d95516 e-con-full e-flex e-con e-child\" data-id=\"6d95516\" data-element_type=\"container\">\n\t\t<div class=\"elementor-element elementor-element-a422b10 e-grid e-con-full e-con e-child\" data-id=\"a422b10\" data-element_type=\"container\">\n\t\t\t\t<div class=\"elementor-element elementor-element-14a68fe elementor-widget elementor-widget-heading\" data-id=\"14a68fe\" data-element_type=\"widget\" data-widget_type=\"heading.default\">\n\t\t\t\t<div class=\"elementor-widget-container\">\n\t\t\t\t\t<h2 class=\"elementor-heading-title elementor-size-default\"><a href=\"\/catering\">ABASTECIMIENTO<\/a><\/h2>\t\t\t\t<\/div>\n\t\t\t\t<\/div>\n\t\t\t\t<div class=\"elementor-element elementor-element-36727c0 elementor-widget elementor-widget-heading\" data-id=\"36727c0\" data-element_type=\"widget\" data-widget_type=\"heading.default\">\n\t\t\t\t<div class=\"elementor-widget-container\">\n\t\t\t\t\t<h2 class=\"elementor-heading-title elementor-size-default\"><a href=\"\/picnics\">PICNICS<\/a><\/h2>\t\t\t\t<\/div>\n\t\t\t\t<\/div>\n\t\t\t\t<div class=\"elementor-element elementor-element-2ca1a2a elementor-widget elementor-widget-heading\" data-id=\"2ca1a2a\" data-element_type=\"widget\" data-widget_type=\"heading.default\">\n\t\t\t\t<div class=\"elementor-widget-container\">\n\t\t\t\t\t<h2 class=\"elementor-heading-title elementor-size-default\"><a href=\"\/event-planing\">PLANIFICACI\u00d3N DE EVENTOS<\/a><\/h2>\t\t\t\t<\/div>\n\t\t\t\t<\/div>\n\t\t\t\t<div class=\"elementor-element elementor-element-93c1572 elementor-widget elementor-widget-heading\" data-id=\"93c1572\" data-element_type=\"widget\" data-widget_type=\"heading.default\">\n\t\t\t\t<div class=\"elementor-widget-container\">\n\t\t\t\t\t<h2 class=\"elementor-heading-title elementor-size-default\"><a href=\"\/party-boxes\">CAJAS DE FIESTA<\/a><\/h2>\t\t\t\t<\/div>\n\t\t\t\t<\/div>\n\t\t\t\t<\/div>\n\t\t\t\t<\/div>\n\t\t\t\t\t<\/div>\n\t\t\t\t<\/div>\n\t\t<div class=\"elementor-element elementor-element-b5acb3d e-flex e-con-boxed e-con e-parent\" data-id=\"b5acb3d\" data-element_type=\"container\" data-settings=\"{&quot;background_background&quot;:&quot;classic&quot;}\">\n\t\t\t\t\t<div class=\"e-con-inner\">\n\t\t\t\t<div class=\"elementor-element elementor-element-3cd2f65 elementor-widget elementor-widget-heading\" data-id=\"3cd2f65\" data-element_type=\"widget\" data-widget_type=\"heading.default\">\n\t\t\t\t<div class=\"elementor-widget-container\">\n\t\t\t\t\t<h2 class=\"elementor-heading-title elementor-size-default\"><a href=\"\/gallery\">GALER\u00cdA<\/a><\/h2>\t\t\t\t<\/div>\n\t\t\t\t<\/div>\n\t\t\t\t\t<\/div>\n\t\t\t\t<\/div>\n\t\t\t\t<\/div>\n\t\t","protected":false},"excerpt":{"rendered":"<p>Planificaci\u00f3n de eventos \u00a1Tu EVENTO Perfecto! \u00a1Creamos Magia! \u00bfPlaneas una ocasi\u00f3n especial? \u00a1Organizamos tu evento para que sea inolvidable! Ya sea un cumplea\u00f1os, una reuni\u00f3n corporativa,<span class=\"excerpt-hellip\"> [\u2026]<\/span><\/p>\n","protected":false},"author":1,"featured_media":0,"parent":0,"menu_order":0,"comment_status":"closed","ping_status":"closed","template":"","meta":{"footnotes":""},"class_list":["post-1316","page","type-page","status-publish","hentry"],"_links":{"self":[{"href":"https:\/\/victoriaspicnic.com\/es\/wp-json\/wp\/v2\/pages\/1316","targetHints":{"allow":["GET"]}}],"collection":[{"href":"https:\/\/victoriaspicnic.com\/es\/wp-json\/wp\/v2\/pages"}],"about":[{"href":"https:\/\/victoriaspicnic.com\/es\/wp-json\/wp\/v2\/types\/page"}],"author":[{"embeddable":true,"href":"https:\/\/victoriaspicnic.com\/es\/wp-json\/wp\/v2\/users\/1"}],"replies":[{"embeddable":true,"href":"https:\/\/victoriaspicnic.com\/es\/wp-json\/wp\/v2\/comments?post=1316"}],"version-history":[{"count":4,"href":"https:\/\/victoriaspicnic.com\/es\/wp-json\/wp\/v2\/pages\/1316\/revisions"}],"predecessor-version":[{"id":1320,"href":"https:\/\/victoriaspicnic.com\/es\/wp-json\/wp\/v2\/pages\/1316\/revisions\/1320"}],"wp:attachment":[{"href":"https:\/\/victoriaspicnic.com\/es\/wp-json\/wp\/v2\/media?parent=1316"}],"curies":[{"name":"wp","href":"https:\/\/api.w.org\/{rel}","templated":true}]}}